{"id":326,"date":"2024-10-04T11:58:57","date_gmt":"2024-10-04T09:58:57","guid":{"rendered":"https:\/\/sas-automation.eu\/angebot\/service-fuer-lagerregalbediengeraete\/"},"modified":"2024-10-16T11:50:14","modified_gmt":"2024-10-16T09:50:14","slug":"service-fuer-lagerregalbediengeraete","status":"publish","type":"page","link":"https:\/\/sas-automation.eu\/de\/angebot\/service-fuer-lagerregalbediengeraete\/","title":{"rendered":"Service f\u00fcr Lagerregalbedienger\u00e4te"},"content":{"rendered":"\t\t<div data-elementor-type=\"wp-page\" data-elementor-id=\"326\" class=\"elementor elementor-326 elementor-145\" data-elementor-post-type=\"page\">\n\t\t\t\t<div class=\"elementor-element elementor-element-5840a3e e-flex e-con-boxed e-con e-parent\" data-id=\"5840a3e\" data-element_type=\"container\" data-e-type=\"container\" data-settings=\"{&quot;background_background&quot;:&quot;slideshow&quot;,&quot;background_slideshow_gallery&quot;:[{&quot;id&quot;:74,&quot;url&quot;:&quot;https:\\\/\\\/sas-automation.eu\\\/wp-content\\\/uploads\\\/2024\\\/09\\\/sas-automation-1.jpg&quot;},{&quot;id&quot;:75,&quot;url&quot;:&quot;https:\\\/\\\/sas-automation.eu\\\/wp-content\\\/uploads\\\/2024\\\/09\\\/sas-automation-3.jpg&quot;},{&quot;id&quot;:76,&quot;url&quot;:&quot;https:\\\/\\\/sas-automation.eu\\\/wp-content\\\/uploads\\\/2024\\\/09\\\/sas-automation-2.jpg&quot;}],&quot;background_slideshow_loop&quot;:&quot;yes&quot;,&quot;background_slideshow_slide_duration&quot;:5000,&quot;background_slideshow_slide_transition&quot;:&quot;fade&quot;,&quot;background_slideshow_transition_duration&quot;:500}\">\n\t\t\t\t\t<div class=\"e-con-inner\">\n\t\t<div class=\"elementor-element elementor-element-317efa7 e-con-full e-flex e-con e-child\" data-id=\"317efa7\" data-element_type=\"container\" data-e-type=\"container\">\n\t\t\t\t<div class=\"elementor-element elementor-element-7c483e2 elementor-widget elementor-widget-text-editor\" data-id=\"7c483e2\" data-element_type=\"widget\" data-e-type=\"widget\" data-widget_type=\"text-editor.default\">\n\t\t\t\t<div class=\"elementor-widget-container\">\n\t\t\t\t\t\t\t\t\t<div class=\"ast-breadcrumbs-wrapper\">\n\t\t\t<div class=\"ast-breadcrumbs-inner\"><nav aria-label=\"breadcrumbs\" class=\"rank-math-breadcrumb\"><p><span class=\"last\">Home<\/span><\/p><\/nav><\/div>\n\t\t<\/div>\n\t\t\t\t\t\t\t\t<\/div>\n\t\t\t\t<\/div>\n\t\t\t\t<\/div>\n\t\t\t\t\t<\/div>\n\t\t\t\t<\/div>\n\t\t<div class=\"elementor-element elementor-element-ee17307 e-flex e-con-boxed e-con e-parent\" data-id=\"ee17307\" data-element_type=\"container\" data-e-type=\"container\">\n\t\t\t\t\t<div class=\"e-con-inner\">\n\t\t<div class=\"elementor-element elementor-element-a28aa59 e-con-full e-flex e-con e-child\" data-id=\"a28aa59\" data-element_type=\"container\" data-e-type=\"container\">\n\t\t<div class=\"elementor-element elementor-element-f02a757 e-con-full e-flex e-con e-child\" data-id=\"f02a757\" data-element_type=\"container\" data-e-type=\"container\">\n\t\t\t\t<div class=\"elementor-element elementor-element-50b8da5 elementor-widget elementor-widget-heading\" data-id=\"50b8da5\" data-element_type=\"widget\" data-e-type=\"widget\" data-widget_type=\"heading.default\">\n\t\t\t\t<div class=\"elementor-widget-container\">\n\t\t\t\t\t<h2 class=\"elementor-heading-title elementor-size-default\">Regalbedienger\u00e4te f\u00fcr das Lager<\/h2>\t\t\t\t<\/div>\n\t\t\t\t<\/div>\n\t\t\t\t<div class=\"elementor-element elementor-element-98106d9 elementor-widget elementor-widget-text-editor\" data-id=\"98106d9\" data-element_type=\"widget\" data-e-type=\"widget\" data-widget_type=\"text-editor.default\">\n\t\t\t\t<div class=\"elementor-widget-container\">\n\t\t\t\t\t\t\t\t\t<p>Umfassender Service f\u00fcr Regalbedienger\u00e4te (SRM Storge Retrival Machine) ist unsere Spezialit\u00e4t.<\/p>\n<ul>\n<li>Wir f\u00fchren eine regelm\u00e4\u00dfige vorbeugende Wartung gem\u00e4\u00df den Herstellerunterlagen durch.<\/li>\n<li>Wir beheben St\u00f6rungen (Troubleshooting) und analysieren die Ursachen von Fehlern.<\/li>\n<li>Wir entwickeln die effektivsten Servicel\u00f6sungen.<\/li>\n<li>Wir bereiten Regalbedienger\u00e4te f\u00fcr die Pr\u00fcfung durch den T\u00dcV vor, einschlie\u00dflich der Durchf\u00fchrung von elektrischen Messungen und der Neuvermessung der Ger\u00e4te.<\/li>\n<\/ul>\n<p>Als erfahrene Instandhalter mit UDT-Service- und Wartungsqualifikationen bieten wir einen Assistenzservice f\u00fcr technische Pr\u00fcfungen durch UDT-Inspektoren.<\/p>\n<p>Mit unserer Hilfe l\u00e4uft die Recherche reibungslos und nahtlos.<\/p>\n\t\t\t\t\t\t\t\t<\/div>\n\t\t\t\t<\/div>\n\t\t\t\t<\/div>\n\t\t\t\t<\/div>\n\t\t<div class=\"elementor-element elementor-element-4ad4064 e-con-full e-flex e-con e-child\" data-id=\"4ad4064\" data-element_type=\"container\" data-e-type=\"container\">\n\t\t<div class=\"elementor-element elementor-element-a6bb54e e-con-full e-flex e-con e-child\" data-id=\"a6bb54e\" data-element_type=\"container\" data-e-type=\"container\">\n\t\t\t\t<div class=\"elementor-element elementor-element-f5bade3 elementor-invisible elementor-widget elementor-widget-image\" data-id=\"f5bade3\" data-element_type=\"widget\" data-e-type=\"widget\" data-settings=\"{&quot;_animation&quot;:&quot;slideInRight&quot;}\" data-widget_type=\"image.default\">\n\t\t\t\t<div class=\"elementor-widget-container\">\n\t\t\t\t\t\t\t\t\t\t\t\t\t\t\t<img fetchpriority=\"high\" decoding=\"async\" width=\"500\" height=\"500\" src=\"https:\/\/sas-automation.eu\/wp-content\/uploads\/2024\/09\/Untitled-13.png\" class=\"attachment-large size-large wp-image-277\" alt=\"\" srcset=\"https:\/\/sas-automation.eu\/wp-content\/uploads\/2024\/09\/Untitled-13.png 500w, https:\/\/sas-automation.eu\/wp-content\/uploads\/2024\/09\/Untitled-13-300x300.png 300w, https:\/\/sas-automation.eu\/wp-content\/uploads\/2024\/09\/Untitled-13-150x150.png 150w\" sizes=\"(max-width: 500px) 100vw, 500px\" \/>\t\t\t\t\t\t\t\t\t\t\t\t\t\t\t<\/div>\n\t\t\t\t<\/div>\n\t\t\t\t<\/div>\n\t\t\t\t<\/div>\n\t\t\t\t\t<\/div>\n\t\t\t\t<\/div>\n\t\t\t\t<\/div>\n\t\t","protected":false},"excerpt":{"rendered":"<p>Regalbedienger\u00e4te f\u00fcr das Lager Umfassender Service f\u00fcr Regalbedienger\u00e4te (SRM Storge Retrival Machine) ist unsere Spezialit\u00e4t. Wir f\u00fchren eine regelm\u00e4\u00dfige vorbeugende [&hellip;]<\/p>\n","protected":false},"author":1,"featured_media":0,"parent":309,"menu_order":0,"comment_status":"closed","ping_status":"closed","template":"","meta":{"site-sidebar-layout":"no-sidebar","site-content-layout":"","ast-site-content-layout":"full-width-container","site-content-style":"default","site-sidebar-style":"default","ast-global-header-display":"","ast-banner-title-visibility":"","ast-main-header-display":"","ast-hfb-above-header-display":"","ast-hfb-below-header-display":"","ast-hfb-mobile-header-display":"","site-post-title":"disabled","ast-breadcrumbs-content":"","ast-featured-img":"disabled","footer-sml-layout":"","ast-disable-related-posts":"","theme-transparent-header-meta":"","adv-header-id-meta":"","stick-header-meta":"","header-above-stick-meta":"","header-main-stick-meta":"","header-below-stick-meta":"","astra-migrate-meta-layouts":"default","ast-page-background-enabled":"default","ast-page-background-meta":{"desktop":{"background-color":"var(--ast-global-color-4)","background-image":"","background-repeat":"repeat","background-position":"center center","background-size":"auto","background-attachment":"scroll","background-type":"","background-media":"","overlay-type":"","overlay-color":"","overlay-opacity":"","overlay-gradient":""},"tablet":{"background-color":"","background-image":"","background-repeat":"repeat","background-position":"center center","background-size":"auto","background-attachment":"scroll","background-type":"","background-media":"","overlay-type":"","overlay-color":"","overlay-opacity":"","overlay-gradient":""},"mobile":{"background-color":"","background-image":"","background-repeat":"repeat","background-position":"center center","background-size":"auto","background-attachment":"scroll","background-type":"","background-media":"","overlay-type":"","overlay-color":"","overlay-opacity":"","overlay-gradient":""}},"ast-content-background-meta":{"desktop":{"background-color":"var(--ast-global-color-5)","background-image":"","background-repeat":"repeat","background-position":"center center","background-size":"auto","background-attachment":"scroll","background-type":"","background-media":"","overlay-type":"","overlay-color":"","overlay-opacity":"","overlay-gradient":""},"tablet":{"background-color":"var(--ast-global-color-5)","background-image":"","background-repeat":"repeat","background-position":"center center","background-size":"auto","background-attachment":"scroll","background-type":"","background-media":"","overlay-type":"","overlay-color":"","overlay-opacity":"","overlay-gradient":""},"mobile":{"background-color":"var(--ast-global-color-5)","background-image":"","background-repeat":"repeat","background-position":"center center","background-size":"auto","background-attachment":"scroll","background-type":"","background-media":"","overlay-type":"","overlay-color":"","overlay-opacity":"","overlay-gradient":""}},"footnotes":""},"class_list":["post-326","page","type-page","status-publish","hentry"],"_links":{"self":[{"href":"https:\/\/sas-automation.eu\/de\/wp-json\/wp\/v2\/pages\/326","targetHints":{"allow":["GET"]}}],"collection":[{"href":"https:\/\/sas-automation.eu\/de\/wp-json\/wp\/v2\/pages"}],"about":[{"href":"https:\/\/sas-automation.eu\/de\/wp-json\/wp\/v2\/types\/page"}],"author":[{"embeddable":true,"href":"https:\/\/sas-automation.eu\/de\/wp-json\/wp\/v2\/users\/1"}],"replies":[{"embeddable":true,"href":"https:\/\/sas-automation.eu\/de\/wp-json\/wp\/v2\/comments?post=326"}],"version-history":[{"count":1,"href":"https:\/\/sas-automation.eu\/de\/wp-json\/wp\/v2\/pages\/326\/revisions"}],"predecessor-version":[{"id":328,"href":"https:\/\/sas-automation.eu\/de\/wp-json\/wp\/v2\/pages\/326\/revisions\/328"}],"up":[{"embeddable":true,"href":"https:\/\/sas-automation.eu\/de\/wp-json\/wp\/v2\/pages\/309"}],"wp:attachment":[{"href":"https:\/\/sas-automation.eu\/de\/wp-json\/wp\/v2\/media?parent=326"}],"curies":[{"name":"wp","href":"https:\/\/api.w.org\/{rel}","templated":true}]}}