{"id":341,"date":"2024-10-04T12:01:06","date_gmt":"2024-10-04T10:01:06","guid":{"rendered":"https:\/\/sas-automation.eu\/angebot\/stationaerer-regalservice\/"},"modified":"2024-10-16T11:50:21","modified_gmt":"2024-10-16T09:50:21","slug":"stationaerer-regalservice","status":"publish","type":"page","link":"https:\/\/sas-automation.eu\/de\/angebot\/stationaerer-regalservice\/","title":{"rendered":"Station\u00e4rer Regalservice"},"content":{"rendered":"\t\t<div data-elementor-type=\"wp-page\" data-elementor-id=\"341\" class=\"elementor elementor-341 elementor-151\" data-elementor-post-type=\"page\">\n\t\t\t\t<div class=\"elementor-element elementor-element-ffd158a e-flex e-con-boxed e-con e-parent\" data-id=\"ffd158a\" data-element_type=\"container\" data-e-type=\"container\" data-settings=\"{&quot;background_background&quot;:&quot;slideshow&quot;,&quot;background_slideshow_gallery&quot;:[{&quot;id&quot;:74,&quot;url&quot;:&quot;https:\\\/\\\/sas-automation.eu\\\/wp-content\\\/uploads\\\/2024\\\/09\\\/sas-automation-1.jpg&quot;},{&quot;id&quot;:75,&quot;url&quot;:&quot;https:\\\/\\\/sas-automation.eu\\\/wp-content\\\/uploads\\\/2024\\\/09\\\/sas-automation-3.jpg&quot;},{&quot;id&quot;:76,&quot;url&quot;:&quot;https:\\\/\\\/sas-automation.eu\\\/wp-content\\\/uploads\\\/2024\\\/09\\\/sas-automation-2.jpg&quot;}],&quot;background_slideshow_loop&quot;:&quot;yes&quot;,&quot;background_slideshow_slide_duration&quot;:5000,&quot;background_slideshow_slide_transition&quot;:&quot;fade&quot;,&quot;background_slideshow_transition_duration&quot;:500}\">\n\t\t\t\t\t<div class=\"e-con-inner\">\n\t\t<div class=\"elementor-element elementor-element-d9166ac e-con-full e-flex e-con e-child\" data-id=\"d9166ac\" data-element_type=\"container\" data-e-type=\"container\">\n\t\t\t\t<div class=\"elementor-element elementor-element-6ca6bc9 elementor-widget elementor-widget-text-editor\" data-id=\"6ca6bc9\" data-element_type=\"widget\" data-e-type=\"widget\" data-widget_type=\"text-editor.default\">\n\t\t\t\t<div class=\"elementor-widget-container\">\n\t\t\t\t\t\t\t\t\t<div class=\"ast-breadcrumbs-wrapper\">\n\t\t\t<div class=\"ast-breadcrumbs-inner\"><nav aria-label=\"breadcrumbs\" class=\"rank-math-breadcrumb\"><p><span class=\"last\">Home<\/span><\/p><\/nav><\/div>\n\t\t<\/div>\n\t\t\t\t\t\t\t\t<\/div>\n\t\t\t\t<\/div>\n\t\t\t\t<\/div>\n\t\t\t\t\t<\/div>\n\t\t\t\t<\/div>\n\t\t<div class=\"elementor-element elementor-element-194be1a e-flex e-con-boxed e-con e-parent\" data-id=\"194be1a\" data-element_type=\"container\" data-e-type=\"container\">\n\t\t\t\t\t<div class=\"e-con-inner\">\n\t\t<div class=\"elementor-element elementor-element-ce6a0bc e-con-full e-flex e-con e-child\" data-id=\"ce6a0bc\" data-element_type=\"container\" data-e-type=\"container\">\n\t\t<div class=\"elementor-element elementor-element-950ff88 e-con-full e-flex e-con e-child\" data-id=\"950ff88\" data-element_type=\"container\" data-e-type=\"container\">\n\t\t\t\t<div class=\"elementor-element elementor-element-f1fe803 elementor-widget elementor-widget-heading\" data-id=\"f1fe803\" data-element_type=\"widget\" data-e-type=\"widget\" data-widget_type=\"heading.default\">\n\t\t\t\t<div class=\"elementor-widget-container\">\n\t\t\t\t\t<h2 class=\"elementor-heading-title elementor-size-default\">Station\u00e4re Regale<\/h2>\t\t\t\t<\/div>\n\t\t\t\t<\/div>\n\t\t\t\t<div class=\"elementor-element elementor-element-f7fb8b5 elementor-widget elementor-widget-text-editor\" data-id=\"f7fb8b5\" data-element_type=\"widget\" data-e-type=\"widget\" data-widget_type=\"text-editor.default\">\n\t\t\t\t<div class=\"elementor-widget-container\">\n\t\t\t\t\t\t\t\t\t<p>Wie bei <strong><a href=\"https:\/\/sas-automation.eu\/de\/angebot\/mobiler-regalservice\/\">mobilen Regalen<\/a><\/strong>verlangt die aktuelle Gesetzgebung von den Besitzern fester Regale eine j\u00e4hrliche Inspektion. Unser Unternehmen bietet umfassende regelm\u00e4\u00dfige Inspektionen dieser Regale gem\u00e4\u00df der derzeit geltenden Norm an, um die volle Sicherheit und Effizienz Ihrer Lagereinrichtungen zu gew\u00e4hrleisten. <\/p>\n<p>Im Rahmen der Inspektionen bewerten wir den Zustand der Regale und stellen m\u00f6gliche Unregelm\u00e4\u00dfigkeiten fest. Jede Inspektion wird sorgf\u00e4ltig in Form eines Protokolls dokumentiert, damit unsere Kunden einen vollst\u00e4ndigen Einblick in den Zustand ihrer Lagersysteme erhalten. Wenn M\u00e4ngel festgestellt werden, schlagen wir vor, die fehlerhaften Komponenten auszutauschen, um das Ausfallrisiko zu minimieren und den langfristigen Betrieb der Regale zu gew\u00e4hrleisten.  <\/p>\n\t\t\t\t\t\t\t\t<\/div>\n\t\t\t\t<\/div>\n\t\t\t\t<\/div>\n\t\t\t\t<\/div>\n\t\t<div class=\"elementor-element elementor-element-a9ec799 e-con-full e-flex e-con e-child\" data-id=\"a9ec799\" data-element_type=\"container\" data-e-type=\"container\">\n\t\t<div class=\"elementor-element elementor-element-a62887f e-con-full e-flex e-con e-child\" data-id=\"a62887f\" data-element_type=\"container\" data-e-type=\"container\">\n\t\t\t\t<div class=\"elementor-element elementor-element-982da32 elementor-invisible elementor-widget elementor-widget-image\" data-id=\"982da32\" data-element_type=\"widget\" data-e-type=\"widget\" data-settings=\"{&quot;_animation&quot;:&quot;slideInRight&quot;}\" data-widget_type=\"image.default\">\n\t\t\t\t<div class=\"elementor-widget-container\">\n\t\t\t\t\t\t\t\t\t\t\t\t\t\t\t<img fetchpriority=\"high\" decoding=\"async\" width=\"500\" height=\"500\" src=\"https:\/\/sas-automation.eu\/wp-content\/uploads\/2024\/10\/Regaly-stacjonarne\u200b-1.png\" class=\"attachment-large size-large wp-image-291\" alt=\"\" srcset=\"https:\/\/sas-automation.eu\/wp-content\/uploads\/2024\/10\/Regaly-stacjonarne\u200b-1.png 500w, https:\/\/sas-automation.eu\/wp-content\/uploads\/2024\/10\/Regaly-stacjonarne\u200b-1-300x300.png 300w, https:\/\/sas-automation.eu\/wp-content\/uploads\/2024\/10\/Regaly-stacjonarne\u200b-1-150x150.png 150w\" sizes=\"(max-width: 500px) 100vw, 500px\" \/>\t\t\t\t\t\t\t\t\t\t\t\t\t\t\t<\/div>\n\t\t\t\t<\/div>\n\t\t\t\t<\/div>\n\t\t\t\t<\/div>\n\t\t\t\t\t<\/div>\n\t\t\t\t<\/div>\n\t\t\t\t<\/div>\n\t\t","protected":false},"excerpt":{"rendered":"<p>Station\u00e4re Regale Wie bei mobilen Regalenverlangt die aktuelle Gesetzgebung von den Besitzern fester Regale eine j\u00e4hrliche Inspektion. Unser Unternehmen bietet [&hellip;]<\/p>\n","protected":false},"author":1,"featured_media":0,"parent":309,"menu_order":0,"comment_status":"closed","ping_status":"closed","template":"","meta":{"site-sidebar-layout":"no-sidebar","site-content-layout":"","ast-site-content-layout":"full-width-container","site-content-style":"default","site-sidebar-style":"default","ast-global-header-display":"","ast-banner-title-visibility":"","ast-main-header-display":"","ast-hfb-above-header-display":"","ast-hfb-below-header-display":"","ast-hfb-mobile-header-display":"","site-post-title":"disabled","ast-breadcrumbs-content":"","ast-featured-img":"disabled","footer-sml-layout":"","ast-disable-related-posts":"","theme-transparent-header-meta":"","adv-header-id-meta":"","stick-header-meta":"","header-above-stick-meta":"","header-main-stick-meta":"","header-below-stick-meta":"","astra-migrate-meta-layouts":"default","ast-page-background-enabled":"default","ast-page-background-meta":{"desktop":{"background-color":"var(--ast-global-color-4)","background-image":"","background-repeat":"repeat","background-position":"center center","background-size":"auto","background-attachment":"scroll","background-type":"","background-media":"","overlay-type":"","overlay-color":"","overlay-opacity":"","overlay-gradient":""},"tablet":{"background-color":"","background-image":"","background-repeat":"repeat","background-position":"center center","background-size":"auto","background-attachment":"scroll","background-type":"","background-media":"","overlay-type":"","overlay-color":"","overlay-opacity":"","overlay-gradient":""},"mobile":{"background-color":"","background-image":"","background-repeat":"repeat","background-position":"center center","background-size":"auto","background-attachment":"scroll","background-type":"","background-media":"","overlay-type":"","overlay-color":"","overlay-opacity":"","overlay-gradient":""}},"ast-content-background-meta":{"desktop":{"background-color":"var(--ast-global-color-5)","background-image":"","background-repeat":"repeat","background-position":"center center","background-size":"auto","background-attachment":"scroll","background-type":"","background-media":"","overlay-type":"","overlay-color":"","overlay-opacity":"","overlay-gradient":""},"tablet":{"background-color":"var(--ast-global-color-5)","background-image":"","background-repeat":"repeat","background-position":"center center","background-size":"auto","background-attachment":"scroll","background-type":"","background-media":"","overlay-type":"","overlay-color":"","overlay-opacity":"","overlay-gradient":""},"mobile":{"background-color":"var(--ast-global-color-5)","background-image":"","background-repeat":"repeat","background-position":"center center","background-size":"auto","background-attachment":"scroll","background-type":"","background-media":"","overlay-type":"","overlay-color":"","overlay-opacity":"","overlay-gradient":""}},"footnotes":""},"class_list":["post-341","page","type-page","status-publish","hentry"],"_links":{"self":[{"href":"https:\/\/sas-automation.eu\/de\/wp-json\/wp\/v2\/pages\/341","targetHints":{"allow":["GET"]}}],"collection":[{"href":"https:\/\/sas-automation.eu\/de\/wp-json\/wp\/v2\/pages"}],"about":[{"href":"https:\/\/sas-automation.eu\/de\/wp-json\/wp\/v2\/types\/page"}],"author":[{"embeddable":true,"href":"https:\/\/sas-automation.eu\/de\/wp-json\/wp\/v2\/users\/1"}],"replies":[{"embeddable":true,"href":"https:\/\/sas-automation.eu\/de\/wp-json\/wp\/v2\/comments?post=341"}],"version-history":[{"count":1,"href":"https:\/\/sas-automation.eu\/de\/wp-json\/wp\/v2\/pages\/341\/revisions"}],"predecessor-version":[{"id":342,"href":"https:\/\/sas-automation.eu\/de\/wp-json\/wp\/v2\/pages\/341\/revisions\/342"}],"up":[{"embeddable":true,"href":"https:\/\/sas-automation.eu\/de\/wp-json\/wp\/v2\/pages\/309"}],"wp:attachment":[{"href":"https:\/\/sas-automation.eu\/de\/wp-json\/wp\/v2\/media?parent=341"}],"curies":[{"name":"wp","href":"https:\/\/api.w.org\/{rel}","templated":true}]}}