{"id":397,"date":"2024-10-16T12:24:16","date_gmt":"2024-10-16T10:24:16","guid":{"rendered":"https:\/\/sas-automation.eu\/?page_id=397"},"modified":"2024-10-31T10:10:59","modified_gmt":"2024-10-31T09:10:59","slug":"impressum","status":"publish","type":"page","link":"https:\/\/sas-automation.eu\/de\/impressum\/","title":{"rendered":"Impressum"},"content":{"rendered":"\t\t<div data-elementor-type=\"wp-page\" data-elementor-id=\"397\" class=\"elementor elementor-397\" data-elementor-post-type=\"page\">\n\t\t\t\t<div class=\"elementor-element elementor-element-bea9d0c e-flex e-con-boxed e-con e-parent\" data-id=\"bea9d0c\" data-element_type=\"container\" data-e-type=\"container\" data-settings=\"{&quot;background_background&quot;:&quot;slideshow&quot;,&quot;background_slideshow_gallery&quot;:[{&quot;id&quot;:74,&quot;url&quot;:&quot;https:\\\/\\\/sas-automation.eu\\\/wp-content\\\/uploads\\\/2024\\\/09\\\/sas-automation-1.jpg&quot;},{&quot;id&quot;:75,&quot;url&quot;:&quot;https:\\\/\\\/sas-automation.eu\\\/wp-content\\\/uploads\\\/2024\\\/09\\\/sas-automation-3.jpg&quot;},{&quot;id&quot;:76,&quot;url&quot;:&quot;https:\\\/\\\/sas-automation.eu\\\/wp-content\\\/uploads\\\/2024\\\/09\\\/sas-automation-2.jpg&quot;},{&quot;id&quot;:81,&quot;url&quot;:&quot;https:\\\/\\\/sas-automation.eu\\\/wp-content\\\/uploads\\\/2024\\\/09\\\/sas-5.jpg&quot;}],&quot;background_slideshow_loop&quot;:&quot;yes&quot;,&quot;background_slideshow_slide_duration&quot;:5000,&quot;background_slideshow_slide_transition&quot;:&quot;fade&quot;,&quot;background_slideshow_transition_duration&quot;:500}\">\n\t\t\t\t\t<div class=\"e-con-inner\">\n\t\t<div class=\"elementor-element elementor-element-ab1ed18 e-con-full e-flex e-con e-child\" data-id=\"ab1ed18\" data-element_type=\"container\" data-e-type=\"container\">\n\t\t\t\t<div class=\"elementor-element elementor-element-c1d31ba elementor-widget elementor-widget-text-editor\" data-id=\"c1d31ba\" data-element_type=\"widget\" data-e-type=\"widget\" data-widget_type=\"text-editor.default\">\n\t\t\t\t<div class=\"elementor-widget-container\">\n\t\t\t\t\t\t\t\t\t<div class=\"ast-breadcrumbs-wrapper\">\n\t\t\t<div class=\"ast-breadcrumbs-inner\"><nav aria-label=\"breadcrumbs\" class=\"rank-math-breadcrumb\"><p><span class=\"last\">Home<\/span><\/p><\/nav><\/div>\n\t\t<\/div>\n\t\t\t\t\t\t\t\t<\/div>\n\t\t\t\t<\/div>\n\t\t\t\t<\/div>\n\t\t\t\t\t<\/div>\n\t\t\t\t<\/div>\n\t\t<div class=\"elementor-element elementor-element-8dc9bd4 e-flex e-con-boxed e-con e-parent\" data-id=\"8dc9bd4\" data-element_type=\"container\" data-e-type=\"container\">\n\t\t\t\t\t<div class=\"e-con-inner\">\n\t\t<div class=\"elementor-element elementor-element-902f787 e-con-full e-flex e-con e-child\" data-id=\"902f787\" data-element_type=\"container\" data-e-type=\"container\">\n\t\t<div class=\"elementor-element elementor-element-b3d71d5 e-con-full e-flex e-con e-child\" data-id=\"b3d71d5\" data-element_type=\"container\" data-e-type=\"container\">\n\t\t\t\t<div class=\"elementor-element elementor-element-b61f485 elementor-widget elementor-widget-text-editor\" data-id=\"b61f485\" data-element_type=\"widget\" data-e-type=\"widget\" data-widget_type=\"text-editor.default\">\n\t\t\t\t<div class=\"elementor-widget-container\">\n\t\t\t\t\t\t\t\t\t<p><strong>Gesetzliche Anbieterkennung:<\/strong><\/p><div>Jakub Drobnik Smart Automation Services<br \/>O\u015b. Brzozowy Gaj 49, 64-010 Cichowo<\/div><div>Poland<\/div><div>\u00a0<\/div><p><b>Telefon: +48 733 722 671<\/b><br \/><strong>E<\/strong><b>-Mail:<\/b> info@sas-automation.eu<br \/><strong>Website: https:\/\/sas-automation.eu<\/strong><\/p><p>VAT EU PL6182028992<\/p><p>Alternative<strong>\u00a0Streitbeilegung:<\/strong><br \/>Die Europ\u00e4ische Kommission stellt eine Plattform f\u00fcr die au\u00dfergerichtliche Online-Streitbeilegung (OS-Plattform) bereit, aufrufbar unter\u00a0<a href=\"https:\/\/ec.europa.eu\/consumers\/odr\" target=\"_blank\" rel=\"noopener\">https:\/\/ec.europa.eu\/odr<\/a>.<\/p><h3>Bildnachweis<\/h3><p>Bildnachweis \u2013 Quellenangaben f\u00fcr die verwendeten Bilder und Grafiken:<\/p><p>elements.envato.com &#8211; @ vanitjan &#8211; ID VM36HLP<br \/>elements.envato.com &#8211; @ TomsonDima &#8211; ID FL2889Z<br \/>elements.envato.com &#8211; @ puhimec &#8211; ID VCC3QPB<br \/>elements.envato.com &#8211; @ leszekglasner &#8211; ID X5FC72X<br \/>elements.envato.com &#8211; @ Mint_Images &#8211; ID NZXZ3Q8<br \/>elements.envato.com &#8211; @ Kinek00 &#8211; ID FJ5GDNT<br \/>elements.envato.com &#8211; @ Maciejbledowski &#8211; ID 2MGAW7H<br \/>elements.envato.com &#8211; @ Mint_Images &#8211; ID 3T9GUPG<br \/>elements.envato.com &#8211; @ alinabuphoto &#8211; ID REL26HR<br \/>elements.envato.com &#8211; @ alinabuphoto &#8211; ID 74PDYCN<\/p>\t\t\t\t\t\t\t\t<\/div>\n\t\t\t\t<\/div>\n\t\t\t\t<\/div>\n\t\t\t\t<\/div>\n\t\t\t\t\t<\/div>\n\t\t\t\t<\/div>\n\t\t\t\t<\/div>\n\t\t","protected":false},"excerpt":{"rendered":"<p>Gesetzliche Anbieterkennung: Jakub Drobnik Smart Automation ServicesO\u015b. Brzozowy Gaj 49, 64-010 CichowoPoland\u00a0 Telefon: +48 733 722 671E-Mail: info@sas-automation.euWebsite: https:\/\/sas-automation.eu VAT [&hellip;]<\/p>\n","protected":false},"author":1,"featured_media":0,"parent":0,"menu_order":0,"comment_status":"closed","ping_status":"closed","template":"","meta":{"site-sidebar-layout":"no-sidebar","site-content-layout":"","ast-site-content-layout":"full-width-container","site-content-style":"default","site-sidebar-style":"default","ast-global-header-display":"","ast-banner-title-visibility":"","ast-main-header-display":"","ast-hfb-above-header-display":"","ast-hfb-below-header-display":"","ast-hfb-mobile-header-display":"","site-post-title":"disabled","ast-breadcrumbs-content":"","ast-featured-img":"disabled","footer-sml-layout":"","ast-disable-related-posts":"","theme-transparent-header-meta":"","adv-header-id-meta":"","stick-header-meta":"","header-above-stick-meta":"","header-main-stick-meta":"","header-below-stick-meta":"","astra-migrate-meta-layouts":"default","ast-page-background-enabled":"default","ast-page-background-meta":{"desktop":{"background-color":"var(--ast-global-color-4)","background-image":"","background-repeat":"repeat","background-position":"center center","background-size":"auto","background-attachment":"scroll","background-type":"","background-media":"","overlay-type":"","overlay-color":"","overlay-opacity":"","overlay-gradient":""},"tablet":{"background-color":"","background-image":"","background-repeat":"repeat","background-position":"center center","background-size":"auto","background-attachment":"scroll","background-type":"","background-media":"","overlay-type":"","overlay-color":"","overlay-opacity":"","overlay-gradient":""},"mobile":{"background-color":"","background-image":"","background-repeat":"repeat","background-position":"center center","background-size":"auto","background-attachment":"scroll","background-type":"","background-media":"","overlay-type":"","overlay-color":"","overlay-opacity":"","overlay-gradient":""}},"ast-content-background-meta":{"desktop":{"background-color":"var(--ast-global-color-5)","background-image":"","background-repeat":"repeat","background-position":"center center","background-size":"auto","background-attachment":"scroll","background-type":"","background-media":"","overlay-type":"","overlay-color":"","overlay-opacity":"","overlay-gradient":""},"tablet":{"background-color":"var(--ast-global-color-5)","background-image":"","background-repeat":"repeat","background-position":"center center","background-size":"auto","background-attachment":"scroll","background-type":"","background-media":"","overlay-type":"","overlay-color":"","overlay-opacity":"","overlay-gradient":""},"mobile":{"background-color":"var(--ast-global-color-5)","background-image":"","background-repeat":"repeat","background-position":"center center","background-size":"auto","background-attachment":"scroll","background-type":"","background-media":"","overlay-type":"","overlay-color":"","overlay-opacity":"","overlay-gradient":""}},"footnotes":""},"class_list":["post-397","page","type-page","status-publish","hentry"],"_links":{"self":[{"href":"https:\/\/sas-automation.eu\/de\/wp-json\/wp\/v2\/pages\/397","targetHints":{"allow":["GET"]}}],"collection":[{"href":"https:\/\/sas-automation.eu\/de\/wp-json\/wp\/v2\/pages"}],"about":[{"href":"https:\/\/sas-automation.eu\/de\/wp-json\/wp\/v2\/types\/page"}],"author":[{"embeddable":true,"href":"https:\/\/sas-automation.eu\/de\/wp-json\/wp\/v2\/users\/1"}],"replies":[{"embeddable":true,"href":"https:\/\/sas-automation.eu\/de\/wp-json\/wp\/v2\/comments?post=397"}],"version-history":[{"count":13,"href":"https:\/\/sas-automation.eu\/de\/wp-json\/wp\/v2\/pages\/397\/revisions"}],"predecessor-version":[{"id":463,"href":"https:\/\/sas-automation.eu\/de\/wp-json\/wp\/v2\/pages\/397\/revisions\/463"}],"wp:attachment":[{"href":"https:\/\/sas-automation.eu\/de\/wp-json\/wp\/v2\/media?parent=397"}],"curies":[{"name":"wp","href":"https:\/\/api.w.org\/{rel}","templated":true}]}}